{"id":22297,"date":"2017-04-16T21:07:33","date_gmt":"2017-04-16T21:07:33","guid":{"rendered":"http:\/\/2017.maximegoulet.com\/?page_id=22297\/"},"modified":"2025-02-21T14:58:10","modified_gmt":"2025-02-21T14:58:10","slug":"contact","status":"publish","type":"page","link":"https:\/\/maximegoulet.com\/fr\/contact\/","title":{"rendered":"Contact"},"content":{"rendered":"[vc_row row_type=\u00a0\u00bbrow\u00a0\u00bb use_row_as_full_screen_section=\u00a0\u00bbno\u00a0\u00bb type=\u00a0\u00bbfull_width\u00a0\u00bb text_align=\u00a0\u00bbleft\u00a0\u00bb background_animation=\u00a0\u00bbnone\u00a0\u00bb][vc_column][vc_column_text css=\u00a0\u00bb.vc_custom_1495120148564{padding-top: 25px !important;padding-right: 25px !important;padding-bottom: 25px !important;padding-left: 25px !important;background-color: #f1f1f1 !important;}\u00a0\u00bb]\n<h2>Contact<\/h2>\n<p>Maxime Goulet est un compositeur habitant \u00e0 Montreal (Canada). Envoyez lui un message si vous souhaitez lui commander une nouvelle oeuvre ou un nouvel arrangement d&rsquo;une oeuvre existante, pour obtenir gratuitement une partition d&rsquo;ensemble\/score (en format PDF) de l&rsquo;une de ses oeuvre, pour acheter\/louer les partitions de ses oeuvres, pour l&rsquo;inviter en entrevue, pour \u00e9couter un enregistrement complet de l&rsquo;une de ses oeuvre (s&rsquo;il n&rsquo;est pas d\u00e9j\u00e0 disponible sur ce site), pour l&rsquo;informer de l&rsquo;ex\u00e9cution d&rsquo;une de ses oeuvre par votre ensemble, pour lui commander une trame sonore pour votre jeu vid\u00e9o ou votre film. Ou envoyez lui un message simplement pour le saluer et lui faire part de votre appr\u00e9ciation de son travail![\/vc_column_text][\/vc_column][\/vc_row][vc_row row_type=\u00a0\u00bbrow\u00a0\u00bb use_row_as_full_screen_section=\u00a0\u00bbno\u00a0\u00bb type=\u00a0\u00bbfull_width\u00a0\u00bb text_align=\u00a0\u00bbleft\u00a0\u00bb background_animation=\u00a0\u00bbnone\u00a0\u00bb][vc_column][vc_empty_space][\/vc_column][\/vc_row][vc_row row_type=\u00a0\u00bbrow\u00a0\u00bb use_row_as_full_screen_section=\u00a0\u00bbno\u00a0\u00bb type=\u00a0\u00bbfull_width\u00a0\u00bb text_align=\u00a0\u00bbleft\u00a0\u00bb background_animation=\u00a0\u00bbnone\u00a0\u00bb][vc_column width=\u00a0\u00bb1\/2&Prime;][vc_single_image image=\u00a0\u00bb26379&Prime; img_size=\u00a0\u00bbfull\u00a0\u00bb alignment=\u00a0\u00bbcenter\u00a0\u00bb qode_css_animation=\u00a0\u00bb\u00a0\u00bb css=\u00a0\u00bb.vc_custom_1740149888849{border-top-width: 15px !important;border-right-width: 25px !important;border-right-color: #ffffff !important;border-right-style: solid !important;border-top-color: #ffffff !important;border-top-style: solid !important;}\u00a0\u00bb][vc_column_text]\n<p style=\"text-align: center;\"><span style=\"color: #d1d1d1;\">Photo par <a style=\"color: #d1d1d1;\" href=\"http:\/\/nadiazheng.com\/\" target=\"_blank\" rel=\"noopener noreferrer\">Nadia Zheng<\/a> de <a style=\"color: #d1d1d1;\" href=\"http:\/\/opustill.com\/\" target=\"_blank\" rel=\"noopener noreferrer\">Opustill<\/a><\/span><\/p>\n[\/vc_column_text][\/vc_column][vc_column width=\u00a0\u00bb1\/2&Prime;][vc_empty_space height=\u00a0\u00bb10px\u00a0\u00bb][vc_column_text css=\u00a0\u00bb.vc_custom_1515119353137{padding-top: 10px !important;padding-right: 25px !important;padding-left: 25px !important;background-color: #f1f1f1 !important;}\u00a0\u00bb]<div id=\"inbound-form-wrapper\" class=\"inbound-form-wrapper\"><form class=\"inbound-now-form wpl-track-me inbound-track \" method=\"post\" id=\"contactezmoi\" action=\"\" style=\"\"><div class=\"inbound-field inbound-vertical label-inbound-label-top inbound-label-top \"><label for=\"wpleads_first_name\" class=\"inbound-label prnom inbound-label-top inbound-input-text\" style=\" font-size:14px;\">Pr\u00e9nom<span class=\"inbound-required\">*<\/span><\/label><input type=\"text\" class=\"inbound-input inbound-input-text prnom \" name=\"wpleads_first_name\"  id=\"wpleads_first_name\" value=\"\"  data-map-form-field=\"wpleads_first_name\"  required data-required=\"true\"\/><\/div><div class=\"inbound-field inbound-vertical label-inbound-label-top inbound-label-top \"><label for=\"wpleads_last_name\" class=\"inbound-label nom inbound-label-top inbound-input-text\" style=\" font-size:14px;\">Nom<span class=\"inbound-required\">*<\/span><\/label><input type=\"text\" class=\"inbound-input inbound-input-text nom \" name=\"wpleads_last_name\"  id=\"wpleads_last_name\" value=\"\"  data-map-form-field=\"wpleads_last_name\"  required data-required=\"true\"\/><\/div><div class=\"inbound-field inbound-vertical label-inbound-label-top inbound-label-top \"><label for=\"wpleads_email_address\" class=\"inbound-label email inbound-label-top inbound-input-text\" style=\" font-size:14px;\">Email<span class=\"inbound-required\">*<\/span><\/label><input type=\"email\" class=\"inbound-input inbound-input-text email inbound-email \" name=\"wpleads_email_address\"  id=\"wpleads_email_address\" value=\"\"  data-map-form-field=\"wpleads_email_address\"  required data-required=\"true\"\/><\/div><div class=\"inbound-field inbound-vertical label-inbound-label-top inbound-label-top \"><label for=\"message\" class=\"inbound-label message inbound-label-top inbound-input-textarea\" style=\" font-size:14px;\">Message<span class=\"inbound-required\">*<\/span><\/label><textarea placeholder=\"Message\" class=\"inbound-input inbound-input-textarea \" name=\"message\" id=\"message\"  required data-required=\"true\"\/><\/textarea><\/div><input style=\"display:none\" name=\"phone_xoxo\" class=\"phone_xoxo\" value=\"\"><div class=\"inbound-field inbound-vertical inbound-submit-area\"><button type=\"submit\" class=\"inbound-button-submit inbound-submit-action\" value=\"Envoyer\" name=\"send\" id=\"inbound_form_submit\" data-ignore-form-field=\"true\" style=\"position:relative;\">Envoyer<\/button><\/div><input data-ignore-form-field=\"true\" type=\"hidden\" name=\"inbound_submitted\" value=\"1\"><input type=\"hidden\" name=\"inbound_form_n\" class=\"inbound_form_n\" value=\"Contactez-Moi\"><input type=\"hidden\" name=\"inbound_form_lists\" id=\"inbound_form_lists\" value=\"\" data-map-form-field=\"inbound_form_lists\"><input type=\"hidden\" name=\"inbound_form_tags\" id=\"inbound_form_tags\" value=\"\" data-map-form-field=\"inbound_form_tags\"><input type=\"hidden\" name=\"inbound_form_id\" class=\"inbound_form_id\" value=\"22300\"><input type=\"hidden\" name=\"inbound_current_page_url\" value=\"http:\/\/maximegoulet.com\/fr\/wp-json\/wp\/v2\/pages\/22297\"><input type=\"hidden\" name=\"page_id\" value=\"22297\"><input type=\"hidden\" name=\"inbound_furl\" value=\"aHR0cDovL21heGltZWdvdWxldC5jb20vbWVyY2kv\"><input type=\"hidden\" name=\"inbound_notify\" value=\"aW5mb0BtYXhpbWVnb3VsZXQuY29t\"><input type=\"hidden\" name=\"inbound_nonce\" value=\"73545135a0\"><input type=\"hidden\" class=\"inbound_params\" name=\"inbound_params\" value=\"\"><\/div><\/form><style type='text\/css'>.inbound-button-submit{  font-size:14px; }<\/style>[\/vc_column_text][vc_empty_space height=\u00a0\u00bb10px\u00a0\u00bb][vc_column_text]\n<h3 class=\"style25\" align=\"left\">Info:<\/h3>\n<p>Courriel:\u00a0<a href=\"mailto:info@maximegoulet.com\">info@maximegoulet.com<\/a><\/p>\n<p class=\"style22\" align=\"left\">T\u00e9l\u00e9phone: 514-651-9352<\/p>\n<p class=\"style22\" align=\"left\">Montr\u00e9al, Qu\u00e9bec (Canada)<\/p>\n<h3 class=\"style25\" align=\"left\">R\u00e9seaux sociaux:<\/h3>\n<ul>\n<li class=\"style22\"><a href=\"https:\/\/twitter.com\/maxime_goulet\" target=\"_blank\" rel=\"noopener noreferrer\">Twitter<\/a><\/li>\n<li class=\"style22\"><a href=\"https:\/\/www.youtube.com\/user\/maxgoulet\/\" target=\"_blank\" rel=\"noopener noreferrer\">Youtube<\/a><\/li>\n<li class=\"style22\"><a href=\"https:\/\/open.spotify.com\/artist\/121aWYwSFdTRpmnxYfmAOO?si=wa96i6noSQSj0Nmk5HQe5w\" target=\"_blank\" rel=\"noopener noreferrer\">Spotify<\/a><\/li>\n<li class=\"style22\"><a href=\"https:\/\/soundcloud.com\/maxime-goulet\" target=\"_blank\" rel=\"noopener noreferrer\">Soundcloud<\/a><\/li>\n<li class=\"style22\"><a href=\"http:\/\/ca.linkedin.com\/pub\/maxime-goulet\/4\/112\/70\" target=\"_blank\" rel=\"noopener noreferrer\">Linkedin<\/a><\/li>\n<li class=\"style22\"><a href=\"https:\/\/www.facebook.com\/max.goulet\" target=\"_blank\" rel=\"noopener noreferrer\">Facebook<\/a><\/li>\n<li class=\"style22\"><a href=\"https:\/\/www.instagram.com\/maxime.goulet\/\" target=\"_blank\" rel=\"noopener noreferrer\">Instagram<\/a><\/li>\n<\/ul>\n[\/vc_column_text][\/vc_column][\/vc_row][vc_row row_type=\u00a0\u00bbrow\u00a0\u00bb use_row_as_full_screen_section=\u00a0\u00bbno\u00a0\u00bb type=\u00a0\u00bbfull_width\u00a0\u00bb text_align=\u00a0\u00bbleft\u00a0\u00bb background_animation=\u00a0\u00bbnone\u00a0\u00bb][vc_column][vc_empty_space][\/vc_column][\/vc_row]\n","protected":false},"excerpt":{"rendered":"<p>[vc_row row_type=\u00a0\u00bbrow\u00a0\u00bb use_row_as_full_screen_section=\u00a0\u00bbno\u00a0\u00bb type=\u00a0\u00bbfull_width\u00a0\u00bb text_align=\u00a0\u00bbleft\u00a0\u00bb background_animation=\u00a0\u00bbnone\u00a0\u00bb][vc_column][vc_column_text css=\u00a0\u00bb.vc_custom_1495120148564{padding-top: 25px !important;padding-right: 25px !important;padding-bottom: 25px !important;padding-left: 25px !important;background-color: #f1f1f1 !important;}\u00a0\u00bb] Contact Maxime Goulet est un compositeur habitant \u00e0 Montreal (Canada). Envoyez lui un message si vous souhaitez lui commander une nouvelle oeuvre ou un nouvel arrangement d&rsquo;une oeuvre&#8230;<\/p>\n","protected":false},"author":1,"featured_media":0,"parent":0,"menu_order":0,"comment_status":"closed","ping_status":"closed","template":"","meta":[],"yoast_head":"<!-- This site is optimized with the Yoast SEO plugin v15.6.2 - https:\/\/yoast.com\/wordpress\/plugins\/seo\/ -->\n<title>Contact - Maxime Goulet<\/title>\n<meta name=\"robots\" content=\"index, follow, max-snippet:-1, max-image-preview:large, max-video-preview:-1\" \/>\n<link rel=\"canonical\" href=\"http:\/\/maximegoulet.com\/fr\/contact\/\" \/>\n<meta property=\"og:locale\" content=\"fr_FR\" \/>\n<meta property=\"og:type\" content=\"article\" \/>\n<meta property=\"og:title\" content=\"Contact - Maxime Goulet\" \/>\n<meta property=\"og:description\" content=\"[vc_row row_type=\u00a0\u00bbrow\u00a0\u00bb use_row_as_full_screen_section=\u00a0\u00bbno\u00a0\u00bb type=\u00a0\u00bbfull_width\u00a0\u00bb text_align=\u00a0\u00bbleft\u00a0\u00bb background_animation=\u00a0\u00bbnone\u00a0\u00bb][vc_column][vc_column_text css=\u00a0\u00bb.vc_custom_1495120148564{padding-top: 25px !important;padding-right: 25px !important;padding-bottom: 25px !important;padding-left: 25px !important;background-color: #f1f1f1 !important;}\u00a0\u00bb] Contact Maxime Goulet est un compositeur habitant \u00e0 Montreal (Canada). Envoyez lui un message si vous souhaitez lui commander une nouvelle oeuvre ou un nouvel arrangement d&rsquo;une oeuvre...\" \/>\n<meta property=\"og:url\" content=\"http:\/\/maximegoulet.com\/fr\/contact\/\" \/>\n<meta property=\"og:site_name\" content=\"Maxime Goulet\" \/>\n<meta property=\"article:modified_time\" content=\"2025-02-21T14:58:10+00:00\" \/>\n<meta name=\"twitter:card\" content=\"summary_large_image\" \/>\n<meta name=\"twitter:label1\" content=\"Dur\u00e9e de lecture est.\">\n\t<meta name=\"twitter:data1\" content=\"2 minutes\">\n<script type=\"application\/ld+json\" class=\"yoast-schema-graph\">{\"@context\":\"https:\/\/schema.org\",\"@graph\":[{\"@type\":\"WebSite\",\"@id\":\"https:\/\/maximegoulet.com\/#website\",\"url\":\"https:\/\/maximegoulet.com\/\",\"name\":\"Maxime Goulet\",\"description\":\"Classical Music &amp; Video Game Composer\",\"potentialAction\":[{\"@type\":\"SearchAction\",\"target\":\"https:\/\/maximegoulet.com\/?s={search_term_string}\",\"query-input\":\"required name=search_term_string\"}],\"inLanguage\":\"fr-FR\"},{\"@type\":\"WebPage\",\"@id\":\"http:\/\/maximegoulet.com\/fr\/contact\/#webpage\",\"url\":\"http:\/\/maximegoulet.com\/fr\/contact\/\",\"name\":\"Contact - Maxime Goulet\",\"isPartOf\":{\"@id\":\"https:\/\/maximegoulet.com\/#website\"},\"datePublished\":\"2017-04-16T21:07:33+00:00\",\"dateModified\":\"2025-02-21T14:58:10+00:00\",\"inLanguage\":\"fr-FR\",\"potentialAction\":[{\"@type\":\"ReadAction\",\"target\":[\"http:\/\/maximegoulet.com\/fr\/contact\/\"]}]}]}<\/script>\n<!-- \/ Yoast SEO plugin. -->","_links":{"self":[{"href":"https:\/\/maximegoulet.com\/fr\/wp-json\/wp\/v2\/pages\/22297"}],"collection":[{"href":"https:\/\/maximegoulet.com\/fr\/wp-json\/wp\/v2\/pages"}],"about":[{"href":"https:\/\/maximegoulet.com\/fr\/wp-json\/wp\/v2\/types\/page"}],"author":[{"embeddable":true,"href":"https:\/\/maximegoulet.com\/fr\/wp-json\/wp\/v2\/users\/1"}],"replies":[{"embeddable":true,"href":"https:\/\/maximegoulet.com\/fr\/wp-json\/wp\/v2\/comments?post=22297"}],"version-history":[{"count":14,"href":"https:\/\/maximegoulet.com\/fr\/wp-json\/wp\/v2\/pages\/22297\/revisions"}],"predecessor-version":[{"id":26413,"href":"https:\/\/maximegoulet.com\/fr\/wp-json\/wp\/v2\/pages\/22297\/revisions\/26413"}],"wp:attachment":[{"href":"https:\/\/maximegoulet.com\/fr\/wp-json\/wp\/v2\/media?parent=22297"}],"curies":[{"name":"wp","href":"https:\/\/api.w.org\/{rel}","templated":true}]}}