{"id":22313,"date":"2017-04-17T00:46:24","date_gmt":"2017-04-17T00:46:24","guid":{"rendered":"http:\/\/2017.maximegoulet.com\/?page_id=22313\/"},"modified":"2020-03-18T19:57:55","modified_gmt":"2020-03-18T19:57:55","slug":"musique-de-film","status":"publish","type":"page","link":"https:\/\/maximegoulet.com\/fr\/musique-de-film\/","title":{"rendered":"Musique de film+TV"},"content":{"rendered":"[vc_row row_type=\u00a0\u00bbrow\u00a0\u00bb use_row_as_full_screen_section=\u00a0\u00bbno\u00a0\u00bb type=\u00a0\u00bbfull_width\u00a0\u00bb text_align=\u00a0\u00bbleft\u00a0\u00bb background_animation=\u00a0\u00bbnone\u00a0\u00bb css_animation=\u00a0\u00bb\u00a0\u00bb][vc_column][vc_column_text css=\u00a0\u00bb.vc_custom_1525109296929{padding-top: 25px !important;padding-right: 25px !important;padding-bottom: 25px !important;padding-left: 25px !important;background-color: #f1f1f1 !important;}\u00a0\u00bb]\n<h2>Musique de Film+TV<\/h2>\n<p>La musique de film de Maxime Goulet a \u00e9t\u00e9 enregistr\u00e9e par le <a href=\"http:\/\/www.hollywoodstudiosymphony.com\/\" target=\"_blank\" rel=\"noopener noreferrer\">Hollywood Studio Symphony<\/a> et le <a href=\"http:\/\/victoriasymphony.ca\/\" target=\"_blank\" rel=\"noopener noreferrer\">Victoria Symphony<\/a> et a remport\u00e9 le premier prix du concours de composition de musique de film de la <a href=\"http:\/\/www.socan.ca\/\" target=\"_blank\" rel=\"noopener noreferrer\">SOCAN<\/a> ainsi que le premier prix du concours Reel Music.[\/vc_column_text][\/vc_column][\/vc_row][vc_row row_type=\u00a0\u00bbrow\u00a0\u00bb use_row_as_full_screen_section=\u00a0\u00bbno\u00a0\u00bb type=\u00a0\u00bbfull_width\u00a0\u00bb text_align=\u00a0\u00bbleft\u00a0\u00bb background_animation=\u00a0\u00bbnone\u00a0\u00bb css_animation=\u00a0\u00bb\u00a0\u00bb][vc_column][vc_empty_space][\/vc_column][\/vc_row][vc_row row_type=\u00a0\u00bbrow\u00a0\u00bb use_row_as_full_screen_section=\u00a0\u00bbno\u00a0\u00bb type=\u00a0\u00bbfull_width\u00a0\u00bb text_align=\u00a0\u00bbleft\u00a0\u00bb background_animation=\u00a0\u00bbnone\u00a0\u00bb css_animation=\u00a0\u00bb\u00a0\u00bb][vc_column width=\u00a0\u00bb1\/2&Prime; css=\u00a0\u00bb.vc_custom_1492371780038{border-right-width: 16px !important;border-left-width: 16px !important;padding-top: 0px !important;padding-right: 0px !important;padding-bottom: 0px !important;padding-left: 0px !important;background-color: #f1f1f1 !important;border-left-color: #ffffff !important;border-left-style: solid !important;border-right-color: #ffffff !important;border-right-style: solid !important;}\u00a0\u00bb][vc_video link=\u00a0\u00bbhttps:\/\/www.youtube.com\/watch?v=XbVA8C4du9o\u00a0\u00bb][vc_column_text css=\u00a0\u00bb.vc_custom_1525109340476{padding-top: 15px !important;padding-right: 15px !important;padding-bottom: 15px !important;padding-left: 15px !important;}\u00a0\u00bb]\n<h3>Leap<\/h3>\n<p style=\"text-align: justify;\">Court m\u00e9trage produit et r\u00e9alis\u00e9 par <a href=\"https:\/\/vimeo.com\/dangaud\" target=\"_blank\" rel=\"noopener noreferrer\">Dan Gaud<\/a>.<\/p>\n<p style=\"text-align: right;\"><a href=\"\/fr\/leap\/\"><em><strong>En savoir plus &gt;&gt;<\/strong><\/em><\/a><\/p>\n[\/vc_column_text][vc_empty_space css=\u00a0\u00bb.vc_custom_1497713085010{background-color: #ffffff !important;}\u00a0\u00bb][\/vc_column][vc_column width=\u00a0\u00bb1\/2&Prime; css=\u00a0\u00bb.vc_custom_1492371771370{border-right-width: 16px !important;border-left-width: 16px !important;padding-top: 0px !important;padding-right: 0px !important;padding-bottom: 0px !important;padding-left: 0px !important;background-color: #f1f1f1 !important;border-left-color: #ffffff !important;border-left-style: solid !important;border-right-color: #ffffff !important;border-right-style: solid !important;}\u00a0\u00bb][vc_video link=\u00a0\u00bbhttps:\/\/vimeo.com\/64506769&Prime;][vc_column_text css=\u00a0\u00bb.vc_custom_1525109351047{padding-top: 15px !important;padding-right: 15px !important;padding-bottom: 15px !important;padding-left: 15px !important;}\u00a0\u00bb]\n<h3>21<\/h3>\n<p style=\"text-align: justify;\">Court m\u00e9trage r\u00e9alis\u00e9 par <a href=\"https:\/\/vimeo.com\/mcnostril\" target=\"_blank\" rel=\"noopener noreferrer\">Yann Ben Alluch<\/a> et produit et sc\u00e9naris\u00e9 par Maxime Goulet.<\/p>\n<p style=\"text-align: right;\"><a href=\"\/fr\/21-film\/\"><em><strong>En savoir plus &gt;&gt;<\/strong><\/em><\/a><\/p>\n[\/vc_column_text][vc_empty_space css=\u00a0\u00bb.vc_custom_1497713085010{background-color: #ffffff !important;}\u00a0\u00bb][\/vc_column][\/vc_row][vc_row row_type=\u00a0\u00bbrow\u00a0\u00bb use_row_as_full_screen_section=\u00a0\u00bbno\u00a0\u00bb type=\u00a0\u00bbfull_width\u00a0\u00bb text_align=\u00a0\u00bbleft\u00a0\u00bb background_animation=\u00a0\u00bbnone\u00a0\u00bb css_animation=\u00a0\u00bb\u00a0\u00bb][vc_column width=\u00a0\u00bb1\/2&Prime; css=\u00a0\u00bb.vc_custom_1492371780038{border-right-width: 16px !important;border-left-width: 16px !important;padding-top: 0px !important;padding-right: 0px !important;padding-bottom: 0px !important;padding-left: 0px !important;background-color: #f1f1f1 !important;border-left-color: #ffffff !important;border-left-style: solid !important;border-right-color: #ffffff !important;border-right-style: solid !important;}\u00a0\u00bb][vc_video link=\u00a0\u00bbhttps:\/\/www.youtube.com\/watch?v=J6MhxiWB9jM\u00a0\u00bb][vc_column_text css=\u00a0\u00bb.vc_custom_1525109434823{padding-top: 15px !important;padding-right: 15px !important;padding-bottom: 15px !important;padding-left: 15px !important;}\u00a0\u00bb]\n<h3>Symphonie du jeu vid\u00e9o de Montr\u00e9al<\/h3>\n<p style=\"text-align: justify;\">Bande annonce de la <a href=\"http:\/\/sjvm.ca\/\" target=\"_blank\" rel=\"noopener noreferrer\">Symphonie du jeu vid\u00e9o de Montr\u00e9al<\/a>.<\/p>\n<p style=\"text-align: right;\"><a href=\"http:\/\/sjvm.ca\/\" target=\"_blank\" rel=\"noopener noreferrer\"><em><strong>En savoir plus &gt;&gt;<\/strong><\/em><\/a><\/p>\n[\/vc_column_text][vc_empty_space css=\u00a0\u00bb.vc_custom_1497713085010{background-color: #ffffff !important;}\u00a0\u00bb][\/vc_column][vc_column width=\u00a0\u00bb1\/2&Prime; css=\u00a0\u00bb.vc_custom_1492371771370{border-right-width: 16px !important;border-left-width: 16px !important;padding-top: 0px !important;padding-right: 0px !important;padding-bottom: 0px !important;padding-left: 0px !important;background-color: #f1f1f1 !important;border-left-color: #ffffff !important;border-left-style: solid !important;border-right-color: #ffffff !important;border-right-style: solid !important;}\u00a0\u00bb][vc_video link=\u00a0\u00bbhttps:\/\/www.youtube.com\/watch?v=DXl6n3C-8TU\u00a0\u00bb][vc_column_text css=\u00a0\u00bb.vc_custom_1525109517143{padding-top: 15px !important;padding-right: 15px !important;padding-bottom: 15px !important;padding-left: 15px !important;}\u00a0\u00bb]\n<h3>Order &amp; Chaos<\/h3>\n<p style=\"text-align: justify;\">Bande annonce du jeu vid\u00e9o <a href=\"\/fr\/order-chaos\/\">Order &amp; Chaos<\/a>.<\/p>\n<p style=\"text-align: right;\"><a href=\"\/fr\/order-chaos\/\"><em><strong>En savoir plus &gt;&gt;<\/strong><\/em><\/a><\/p>\n[\/vc_column_text][vc_empty_space css=\u00a0\u00bb.vc_custom_1497713085010{background-color: #ffffff !important;}\u00a0\u00bb][\/vc_column][\/vc_row][vc_row row_type=\u00a0\u00bbrow\u00a0\u00bb use_row_as_full_screen_section=\u00a0\u00bbno\u00a0\u00bb type=\u00a0\u00bbfull_width\u00a0\u00bb text_align=\u00a0\u00bbleft\u00a0\u00bb background_animation=\u00a0\u00bbnone\u00a0\u00bb css_animation=\u00a0\u00bb\u00a0\u00bb][vc_column width=\u00a0\u00bb1\/2&Prime; css=\u00a0\u00bb.vc_custom_1492371780038{border-right-width: 16px !important;border-left-width: 16px !important;padding-top: 0px !important;padding-right: 0px !important;padding-bottom: 0px !important;padding-left: 0px !important;background-color: #f1f1f1 !important;border-left-color: #ffffff !important;border-left-style: solid !important;border-right-color: #ffffff !important;border-right-style: solid !important;}\u00a0\u00bb][vc_video link=\u00a0\u00bbhttps:\/\/www.youtube.com\/watch?v=7v9q2eRPufg\u00a0\u00bb][vc_column_text css=\u00a0\u00bb.vc_custom_1544331062554{padding-top: 15px !important;padding-right: 15px !important;padding-bottom: 15px !important;padding-left: 15px !important;}\u00a0\u00bb]\n<h3>Where is your Big Book?<\/h3>\n<p>Vid\u00e9o personalisable par <a href=\"https:\/\/www.portablenorthpole.com\/\" target=\"_blank\" rel=\"noopener noreferrer\">Portable North Pole<\/a>.<\/p>\n<p style=\"text-align: right;\"><a href=\"\/fr\/portable-north-pole\/\" target=\"_blank\" rel=\"noopener noreferrer\"><em><strong>En savoir plus &gt;&gt;<\/strong><\/em><\/a><\/p>\n[\/vc_column_text][vc_empty_space css=\u00a0\u00bb.vc_custom_1497713085010{background-color: #ffffff !important;}\u00a0\u00bb][\/vc_column][vc_column width=\u00a0\u00bb1\/2&Prime; css=\u00a0\u00bb.vc_custom_1492371771370{border-right-width: 16px !important;border-left-width: 16px !important;padding-top: 0px !important;padding-right: 0px !important;padding-bottom: 0px !important;padding-left: 0px !important;background-color: #f1f1f1 !important;border-left-color: #ffffff !important;border-left-style: solid !important;border-right-color: #ffffff !important;border-right-style: solid !important;}\u00a0\u00bb][vc_video link=\u00a0\u00bbhttps:\/\/www.youtube.com\/watch?v=-YM94-i7GEo\u00a0\u00bb][vc_column_text css=\u00a0\u00bb.vc_custom_1544331101677{padding-top: 15px !important;padding-right: 15px !important;padding-bottom: 15px !important;padding-left: 15px !important;}\u00a0\u00bb]\n<h3>The Magical Carousel<\/h3>\n<p>Vid\u00e9o personalisable par\u00a0<a href=\"https:\/\/www.portablenorthpole.com\/\" target=\"_blank\" rel=\"noopener noreferrer\">Portable North Pole<\/a>.<\/p>\n<p style=\"text-align: right;\"><a href=\"\/fr\/portable-north-pole\/\" target=\"_blank\" rel=\"noopener noreferrer\"><em><strong>En\u00a0savoir\u00a0plus &gt;&gt;<\/strong><\/em><\/a><\/p>\n[\/vc_column_text][vc_empty_space css=\u00a0\u00bb.vc_custom_1497713085010{background-color: #ffffff !important;}\u00a0\u00bb][\/vc_column][\/vc_row][vc_row row_type=\u00a0\u00bbrow\u00a0\u00bb use_row_as_full_screen_section=\u00a0\u00bbno\u00a0\u00bb type=\u00a0\u00bbfull_width\u00a0\u00bb text_align=\u00a0\u00bbleft\u00a0\u00bb background_animation=\u00a0\u00bbnone\u00a0\u00bb css_animation=\u00a0\u00bb\u00a0\u00bb][vc_column width=\u00a0\u00bb1\/2&Prime; css=\u00a0\u00bb.vc_custom_1492371780038{border-right-width: 16px !important;border-left-width: 16px !important;padding-top: 0px !important;padding-right: 0px !important;padding-bottom: 0px !important;padding-left: 0px !important;background-color: #f1f1f1 !important;border-left-color: #ffffff !important;border-left-style: solid !important;border-right-color: #ffffff !important;border-right-style: solid !important;}\u00a0\u00bb][vc_video link=\u00a0\u00bbhttps:\/\/www.youtube.com\/watch?v=MGJdMZ4vzic\u00a0\u00bb][vc_column_text css=\u00a0\u00bb.vc_custom_1525109736973{padding-top: 15px !important;padding-right: 15px !important;padding-bottom: 15px !important;padding-left: 15px !important;}\u00a0\u00bb]\n<h3>Fondation Groupe AGF<\/h3>\n<p>Vid\u00e9o corporatif de la <a href=\"http:\/\/groupeagf.com\/fr\/\" target=\"_blank\" rel=\"noopener noreferrer\">Fondation Groupe AGF<\/a>.[\/vc_column_text][vc_empty_space css=\u00a0\u00bb.vc_custom_1497713085010{background-color: #ffffff !important;}\u00a0\u00bb][\/vc_column][vc_column width=\u00a0\u00bb1\/2&Prime; css=\u00a0\u00bb.vc_custom_1525109587498{border-right-width: 16px !important;border-left-width: 16px !important;padding-top: 0px !important;padding-right: 0px !important;padding-bottom: 0px !important;padding-left: 0px !important;background-color: #f1f1f1 !important;border-left-color: #ffffff !important;border-left-style: solid !important;border-right-color: #ffffff !important;border-right-style: solid !important;}\u00a0\u00bb][vc_video link=\u00a0\u00bbhttps:\/\/www.youtube.com\/watch?v=PBx7jFwZ0nE\u00a0\u00bb][vc_column_text css=\u00a0\u00bb.vc_custom_1498780983807{padding-top: 15px !important;padding-right: 15px !important;padding-bottom: 15px !important;padding-left: 15px !important;}\u00a0\u00bb]\n<h3>Hidalgo<\/h3>\n<p>La musique pour la sc\u00e8ne finale du long m\u00e9trage Hidalgo, de John Fusco, a \u00e9t\u00e9 recompos\u00e9e par Maxime Goulet lors\u00a02009 <a href=\"http:\/\/www.ascap.com\/music-career\/workshops\" target=\"_blank\" rel=\"noopener noreferrer\">ASCAP Film Music Workshop<\/a>, \u00e0\u00a0Los Angeles, et enregistr\u00e9e par le\u00a0<a href=\"http:\/\/www.hollywoodstudiosymphony.com\/\" target=\"_blank\" rel=\"noopener noreferrer\">Hollywood Studio Symphony<\/a>.<\/p>\n<p style=\"text-align: right;\"><a href=\"\/fr\/hidalgo\/\"><em><strong>En savoir plus &gt;&gt;<\/strong><\/em><\/a><\/p>\n[\/vc_column_text][vc_empty_space css=\u00a0\u00bb.vc_custom_1497713085010{background-color: #ffffff !important;}\u00a0\u00bb][\/vc_column][\/vc_row][vc_row row_type=\u00a0\u00bbrow\u00a0\u00bb use_row_as_full_screen_section=\u00a0\u00bbno\u00a0\u00bb type=\u00a0\u00bbfull_width\u00a0\u00bb text_align=\u00a0\u00bbleft\u00a0\u00bb background_animation=\u00a0\u00bbnone\u00a0\u00bb css_animation=\u00a0\u00bb\u00a0\u00bb][vc_column][vc_empty_space][\/vc_column][\/vc_row][vc_row row_type=\u00a0\u00bbrow\u00a0\u00bb use_row_as_full_screen_section=\u00a0\u00bbno\u00a0\u00bb type=\u00a0\u00bbfull_width\u00a0\u00bb text_align=\u00a0\u00bbleft\u00a0\u00bb background_animation=\u00a0\u00bbnone\u00a0\u00bb css_animation=\u00a0\u00bb\u00a0\u00bb][vc_column css=\u00a0\u00bb.vc_custom_1515105774291{background-color: #f1f1f1 !important;}\u00a0\u00bb][vc_row_inner row_type=\u00a0\u00bbrow\u00a0\u00bb type=\u00a0\u00bbfull_width\u00a0\u00bb use_row_as_full_screen_section_slide=\u00a0\u00bbno\u00a0\u00bb text_align=\u00a0\u00bbleft\u00a0\u00bb css_animation=\u00a0\u00bb\u00a0\u00bb][vc_column_inner width=\u00a0\u00bb1\/4&Prime;][vc_single_image image=\u00a0\u00bb22356&Prime; qode_css_animation=\u00a0\u00bb\u00a0\u00bb css=\u00a0\u00bb.vc_custom_1515105944483{padding-bottom: 30px !important;padding-left: 20px !important;}\u00a0\u00bb][\/vc_column_inner][vc_column_inner width=\u00a0\u00bb3\/4&Prime;][vc_column_text]\n<h3>Vous avez une requ\u00eate?<\/h3>\n<p>Pour lui commander une trame sonore pour votre film, il suffit\u00a0<a href=\"http:\/\/maximegoulet.com\/fr\/contact\/\">d\u2019envoyer un message \u00e0 Maxime Goulet<\/a>.<\/p>\n<p style=\"text-align: right;\"><a href=\"http:\/\/maximegoulet.com\/fr\/contact\/\"><em><strong>Acc\u00e9der \u00e0 la page Contact &gt;&gt;<\/strong><\/em><\/a><\/p>\n[\/vc_column_text][\/vc_column_inner][\/vc_row_inner][\/vc_column][\/vc_row][vc_row row_type=\u00a0\u00bbrow\u00a0\u00bb use_row_as_full_screen_section=\u00a0\u00bbno\u00a0\u00bb type=\u00a0\u00bbfull_width\u00a0\u00bb text_align=\u00a0\u00bbleft\u00a0\u00bb background_animation=\u00a0\u00bbnone\u00a0\u00bb css_animation=\u00a0\u00bb\u00a0\u00bb][vc_column][vc_empty_space][\/vc_column][\/vc_row]\n","protected":false},"excerpt":{"rendered":"<p>[vc_row row_type=\u00a0\u00bbrow\u00a0\u00bb use_row_as_full_screen_section=\u00a0\u00bbno\u00a0\u00bb type=\u00a0\u00bbfull_width\u00a0\u00bb text_align=\u00a0\u00bbleft\u00a0\u00bb background_animation=\u00a0\u00bbnone\u00a0\u00bb css_animation=\u00a0\u00bb\u00a0\u00bb][vc_column][vc_column_text css=\u00a0\u00bb.vc_custom_1525109296929{padding-top: 25px !important;padding-right: 25px !important;padding-bottom: 25px !important;padding-left: 25px !important;background-color: #f1f1f1 !important;}\u00a0\u00bb] Musique de Film+TV La musique de film de Maxime Goulet a \u00e9t\u00e9 enregistr\u00e9e par le Hollywood Studio Symphony et le Victoria Symphony et a remport\u00e9 le premier&#8230;<\/p>\n","protected":false},"author":2,"featured_media":0,"parent":0,"menu_order":0,"comment_status":"closed","ping_status":"closed","template":"","meta":[],"yoast_head":"<!-- This site is optimized with the Yoast SEO plugin v15.6.2 - https:\/\/yoast.com\/wordpress\/plugins\/seo\/ -->\n<title>Musique de film+TV - Maxime Goulet<\/title>\n<meta name=\"robots\" content=\"index, follow, max-snippet:-1, max-image-preview:large, max-video-preview:-1\" \/>\n<link rel=\"canonical\" href=\"https:\/\/maximegoulet.com\/fr\/musique-de-film\/\" \/>\n<meta property=\"og:locale\" content=\"fr_FR\" \/>\n<meta property=\"og:type\" content=\"article\" \/>\n<meta property=\"og:title\" content=\"Musique de film+TV - Maxime Goulet\" \/>\n<meta property=\"og:description\" content=\"[vc_row row_type=\u00a0\u00bbrow\u00a0\u00bb use_row_as_full_screen_section=\u00a0\u00bbno\u00a0\u00bb type=\u00a0\u00bbfull_width\u00a0\u00bb text_align=\u00a0\u00bbleft\u00a0\u00bb background_animation=\u00a0\u00bbnone\u00a0\u00bb css_animation=\u00a0\u00bb\u00a0\u00bb][vc_column][vc_column_text css=\u00a0\u00bb.vc_custom_1525109296929{padding-top: 25px !important;padding-right: 25px !important;padding-bottom: 25px !important;padding-left: 25px !important;background-color: #f1f1f1 !important;}\u00a0\u00bb] Musique de Film+TV La musique de film de Maxime Goulet a \u00e9t\u00e9 enregistr\u00e9e par le Hollywood Studio Symphony et le Victoria Symphony et a remport\u00e9 le premier...\" \/>\n<meta property=\"og:url\" content=\"https:\/\/maximegoulet.com\/fr\/musique-de-film\/\" \/>\n<meta property=\"og:site_name\" content=\"Maxime Goulet\" \/>\n<meta property=\"article:modified_time\" content=\"2020-03-18T19:57:55+00:00\" \/>\n<meta name=\"twitter:card\" content=\"summary_large_image\" \/>\n<meta name=\"twitter:label1\" content=\"Dur\u00e9e de lecture est.\">\n\t<meta name=\"twitter:data1\" content=\"6 minutes\">\n<script type=\"application\/ld+json\" class=\"yoast-schema-graph\">{\"@context\":\"https:\/\/schema.org\",\"@graph\":[{\"@type\":\"WebSite\",\"@id\":\"https:\/\/maximegoulet.com\/#website\",\"url\":\"https:\/\/maximegoulet.com\/\",\"name\":\"Maxime Goulet\",\"description\":\"Classical Music &amp; Video Game Composer\",\"potentialAction\":[{\"@type\":\"SearchAction\",\"target\":\"https:\/\/maximegoulet.com\/?s={search_term_string}\",\"query-input\":\"required name=search_term_string\"}],\"inLanguage\":\"fr-FR\"},{\"@type\":\"WebPage\",\"@id\":\"https:\/\/maximegoulet.com\/fr\/musique-de-film\/#webpage\",\"url\":\"https:\/\/maximegoulet.com\/fr\/musique-de-film\/\",\"name\":\"Musique de film+TV - Maxime Goulet\",\"isPartOf\":{\"@id\":\"https:\/\/maximegoulet.com\/#website\"},\"datePublished\":\"2017-04-17T00:46:24+00:00\",\"dateModified\":\"2020-03-18T19:57:55+00:00\",\"inLanguage\":\"fr-FR\",\"potentialAction\":[{\"@type\":\"ReadAction\",\"target\":[\"https:\/\/maximegoulet.com\/fr\/musique-de-film\/\"]}]}]}<\/script>\n<!-- \/ Yoast SEO plugin. -->","_links":{"self":[{"href":"https:\/\/maximegoulet.com\/fr\/wp-json\/wp\/v2\/pages\/22313"}],"collection":[{"href":"https:\/\/maximegoulet.com\/fr\/wp-json\/wp\/v2\/pages"}],"about":[{"href":"https:\/\/maximegoulet.com\/fr\/wp-json\/wp\/v2\/types\/page"}],"author":[{"embeddable":true,"href":"https:\/\/maximegoulet.com\/fr\/wp-json\/wp\/v2\/users\/2"}],"replies":[{"embeddable":true,"href":"https:\/\/maximegoulet.com\/fr\/wp-json\/wp\/v2\/comments?post=22313"}],"version-history":[{"count":14,"href":"https:\/\/maximegoulet.com\/fr\/wp-json\/wp\/v2\/pages\/22313\/revisions"}],"predecessor-version":[{"id":24526,"href":"https:\/\/maximegoulet.com\/fr\/wp-json\/wp\/v2\/pages\/22313\/revisions\/24526"}],"wp:attachment":[{"href":"https:\/\/maximegoulet.com\/fr\/wp-json\/wp\/v2\/media?parent=22313"}],"curies":[{"name":"wp","href":"https:\/\/api.w.org\/{rel}","templated":true}]}}