{"id":22353,"date":"2017-04-17T20:09:32","date_gmt":"2017-04-17T20:09:32","guid":{"rendered":"http:\/\/2017.maximegoulet.com\/?page_id=22353\/"},"modified":"2025-03-25T15:06:06","modified_gmt":"2025-03-25T15:06:06","slug":"accueil","status":"publish","type":"page","link":"https:\/\/maximegoulet.com\/fr\/","title":{"rendered":"Accueil"},"content":{"rendered":"[vc_row row_type=\u00a0\u00bbrow\u00a0\u00bb use_row_as_full_screen_section=\u00a0\u00bbno\u00a0\u00bb type=\u00a0\u00bbfull_width\u00a0\u00bb text_align=\u00a0\u00bbleft\u00a0\u00bb background_animation=\u00a0\u00bbnone\u00a0\u00bb][vc_column][vc_single_image image=\u00a0\u00bb22310&Prime; img_size=\u00a0\u00bbfull\u00a0\u00bb alignment=\u00a0\u00bbcenter\u00a0\u00bb qode_css_animation=\u00a0\u00bb\u00a0\u00bb css=\u00a0\u00bb.vc_custom_1492458852338{padding-top: 25px !important;padding-right: 25px !important;padding-bottom: 0px !important;padding-left: 25px !important;}\u00a0\u00bb][vc_column_text]\n<p style=\"text-align: center;\"><span style=\"color: #d1d1d1;\">Photo de <a style=\"color: #d1d1d1;\" href=\"http:\/\/nadiazheng.com\/\" target=\"_blank\" rel=\"noopener noreferrer\">Nadia Zheng<\/a><\/span><\/p>\n[\/vc_column_text][vc_empty_space height=\u00a0\u00bb15px\u00a0\u00bb][\/vc_column][\/vc_row][vc_row row_type=\u00a0\u00bbrow\u00a0\u00bb use_row_as_full_screen_section=\u00a0\u00bbno\u00a0\u00bb type=\u00a0\u00bbgrid\u00a0\u00bb text_align=\u00a0\u00bbcenter\u00a0\u00bb background_animation=\u00a0\u00bbnone\u00a0\u00bb padding_top=\u00a0\u00bb0&Prime; padding_bottom=\u00a0\u00bb110&Prime;][vc_column][vc_column_text]\n<h2 style=\"text-align: center;\">Maxime Goulet &#8211; Compositeur<\/h2>\n[\/vc_column_text][vc_empty_space height=\u00a0\u00bb35px\u00a0\u00bb][vc_column_text css=\u00a0\u00bb.vc_custom_1553957193823{padding-top: 0px !important;padding-right: 0px !important;padding-bottom: 0px !important;padding-left: 0px !important;}\u00a0\u00bb]\n<h5 style=\"text-align: center;\"><em>\u00ab\u00a0Un artiste qui d\u00e9borde d\u2019imagination, toujours en qu\u00eate d\u2019id\u00e9es qui sortent des sentiers battus. Il fait sa place dans le monde musical \u00e0 coup de concepts astucieux qui s\u00e9duisent les orchestres et leur public.\u00a0\u00bb<\/em><\/h5>\n[\/vc_column_text][vc_column_text css=\u00a0\u00bb.vc_custom_1561752807231{padding-top: 0px !important;padding-right: 0px !important;padding-bottom: 0px !important;padding-left: 0px !important;}\u00a0\u00bb]\n<p style=\"text-align: center;\"><a style=\"color: #d1d1d1;\" href=\"https:\/\/www.ludwig-van.com\/montreal\/2018\/11\/19\/lartiste-de-la-semaine-maxime-goulet-limagination-debordante-dun-compositeur-jeux-video\/\" target=\"_blank\" rel=\"noopener noreferrer\">Ludwig Van Montreal, Caroline Rodgers<\/a><\/p>\n[\/vc_column_text][vc_empty_space height=\u00a0\u00bb15px\u00a0\u00bb][vc_column_text]\n<p style=\"text-align: center;\">La <a href=\"\/fr\/symphonie-de-la-tempete-de-verglas\/\">Symphonie de la temp\u00eate de verglas<\/a>, compos\u00e9e par Maxime Goulet, a \u00e9t\u00e9 r\u00e9compens\u00e9e par un prix Juno. Les \u0153uvres de musique classique de Maxime Goulet, dont <a href=\"http:\/\/maximegoulet.com\/fr\/chocolats-symphoniques\/\">Chocolats symphoniques<\/a>\u00a0et <a href=\"\/fr\/par-un-soir-dhalloween\/\">Par un soir d&rsquo;Halloween<\/a>, sont r\u00e9guli\u00e8rement jou\u00e9es \u00e0 travers le monde, par des ensembles prestigieux tels l\u2019<a href=\"http:\/\/www.osm.ca\/\" target=\"_blank\" rel=\"noopener noreferrer\">Orchestre symphonique de Montr\u00e9al<\/a>, l\u2019<a href=\"https:\/\/www.oprl.be\/\" target=\"_blank\" rel=\"noopener noreferrer\">Orchestre Philharmonique royal de Li\u00e8ge<\/a>, l\u2019<a href=\"https:\/\/www.philorch.org\/\" target=\"_blank\" rel=\"noopener noreferrer\">Orchestre de Philadelphie<\/a>, l\u2019<a href=\"https:\/\/www.sso.org.sg\/\" target=\"_blank\" rel=\"noopener noreferrer\">Orchestre symphonique de Singapour<\/a>, l\u2019<a href=\"https:\/\/www.aarhussymfoni.dk\/\" target=\"_blank\" rel=\"noopener noreferrer\">Orchestre symphonique de Aahrus<\/a>, l\u2019<a href=\"https:\/\/www.dso.org\/\" target=\"_blank\" rel=\"noopener noreferrer\">Orchestre symphonique de Detroit<\/a>, l\u2019<a href=\"https:\/\/www.tso.ca\/\" target=\"_blank\" rel=\"noopener noreferrer\">Orchestre symphonique de Toronto<\/a>, l\u2019<a href=\"https:\/\/www.houstonsymphony.org\/\" target=\"_blank\" rel=\"noopener noreferrer\">Orchestre symphonique de Houston<\/a>, l\u2019<a href=\"https:\/\/www.vancouveropera.ca\/\">Op\u00e9ra de Vancouver<\/a>,\u00a0<a href=\"http:\/\/nac-cna.ca\/en\/orchestra\" target=\"_blank\" rel=\"noopener noreferrer\">l\u2019Orchestre du Centre national des Arts<\/a>\u00a0et\u00a0<a href=\"http:\/\/www.orchestremetropolitain.com\/\" target=\"_blank\" rel=\"noopener noreferrer\">l\u2019Orchestre M\u00e9tropolitain<\/a>.\u00a0Maxime Goulet\u00a0a compos\u00e9 plus de 30 trames sonores de jeux vid\u00e9o dont <a href=\"\/fr\/warhammer-40000-eternal-crusade\">Warhammer 40,000: Eternal Crusade<\/a>, <a href=\"\/fr\/roller-coaster-tycoon-world\/\">Roller Coaster Tycoon World<\/a>,\u00a0<a href=\"http:\/\/fr\/the-amazing-spider-man\/\">The Amazing Spider-Man<\/a>, <a href=\"\/fr\/dungeon-hunter-4\">Dungeon Hunter<\/a>, <a href=\"\/fr\/shrek-forever-after\">Shrek Forever After<\/a>, et\u00a0<a href=\"\/fr\/brothers-in-arms-3-sons-of-war\">Brothers in Arms 3: Sons of War<\/a>. Il est \u00e9galement le cr\u00e9ateur de la <a href=\"http:\/\/sjvm.ca\/\" target=\"_blank\" rel=\"noopener noreferrer\">Symphonie du jeu vid\u00e9o de Montr\u00e9al<\/a>.<\/p>\n[\/vc_column_text][\/vc_column][\/vc_row][vc_row][vc_column width=\u00a0\u00bb1\/3&Prime;][\/vc_column][vc_column width=\u00a0\u00bb1\/3&Prime;][vc_row_inner][vc_column_inner width=\u00a0\u00bb1\/3&Prime;][vc_single_image image=\u00a0\u00bb26464&Prime; img_size=\u00a0\u00bbfull\u00a0\u00bb alignment=\u00a0\u00bbcenter\u00a0\u00bb onclick=\u00a0\u00bbcustom_link\u00a0\u00bb link=\u00a0\u00bbhttps:\/\/conseildesarts.ca\/\u00a0\u00bb][\/vc_column_inner][vc_column_inner width=\u00a0\u00bb1\/3&Prime;][vc_single_image image=\u00a0\u00bb26466&Prime; img_size=\u00a0\u00bbfull\u00a0\u00bb alignment=\u00a0\u00bbcenter\u00a0\u00bb onclick=\u00a0\u00bbcustom_link\u00a0\u00bb link=\u00a0\u00bbhttps:\/\/www.calq.gouv.qc.ca\/\u00a0\u00bb][\/vc_column_inner][vc_column_inner width=\u00a0\u00bb1\/3&Prime;][vc_single_image image=\u00a0\u00bb26469&Prime; img_size=\u00a0\u00bbfull\u00a0\u00bb alignment=\u00a0\u00bbcenter\u00a0\u00bb onclick=\u00a0\u00bbcustom_link\u00a0\u00bb link=\u00a0\u00bbhttps:\/\/musicaction.ca\/\u00a0\u00bb][\/vc_column_inner][\/vc_row_inner][\/vc_column][vc_column width=\u00a0\u00bb1\/3&Prime;][\/vc_column][\/vc_row][vc_row][vc_column][vc_empty_space height=\u00a0\u00bb72px\u00a0\u00bb][\/vc_column][\/vc_row]\n","protected":false},"excerpt":{"rendered":"<p>[vc_row row_type=\u00a0\u00bbrow\u00a0\u00bb use_row_as_full_screen_section=\u00a0\u00bbno\u00a0\u00bb type=\u00a0\u00bbfull_width\u00a0\u00bb text_align=\u00a0\u00bbleft\u00a0\u00bb background_animation=\u00a0\u00bbnone\u00a0\u00bb][vc_column][vc_single_image image=\u00a0\u00bb22310&Prime; img_size=\u00a0\u00bbfull\u00a0\u00bb alignment=\u00a0\u00bbcenter\u00a0\u00bb qode_css_animation=\u00a0\u00bb\u00a0\u00bb css=\u00a0\u00bb.vc_custom_1492458852338{padding-top: 25px !important;padding-right: 25px !important;padding-bottom: 0px !important;padding-left: 25px !important;}\u00a0\u00bb][vc_column_text] Photo de Nadia Zheng [\/vc_column_text][vc_empty_space height=\u00a0\u00bb15px\u00a0\u00bb][\/vc_column][\/vc_row][vc_row row_type=\u00a0\u00bbrow\u00a0\u00bb use_row_as_full_screen_section=\u00a0\u00bbno\u00a0\u00bb type=\u00a0\u00bbgrid\u00a0\u00bb text_align=\u00a0\u00bbcenter\u00a0\u00bb background_animation=\u00a0\u00bbnone\u00a0\u00bb padding_top=\u00a0\u00bb0&Prime; padding_bottom=\u00a0\u00bb110&Prime;][vc_column][vc_column_text] Maxime Goulet &#8211; Compositeur [\/vc_column_text][vc_empty_space height=\u00a0\u00bb35px\u00a0\u00bb][vc_column_text css=\u00a0\u00bb.vc_custom_1553957193823{padding-top: 0px !important;padding-right: 0px !important;padding-bottom: 0px !important;padding-left:&#8230;<\/p>\n","protected":false},"author":1,"featured_media":0,"parent":0,"menu_order":0,"comment_status":"open","ping_status":"open","template":"full_width.php","meta":[],"yoast_head":"<!-- This site is optimized with the Yoast SEO plugin v15.6.2 - https:\/\/yoast.com\/wordpress\/plugins\/seo\/ -->\n<title>Accueil - Maxime Goulet<\/title>\n<meta name=\"robots\" content=\"index, follow, max-snippet:-1, max-image-preview:large, max-video-preview:-1\" \/>\n<link rel=\"canonical\" href=\"http:\/\/maximegoulet.com\/fr\/\" \/>\n<meta property=\"og:locale\" content=\"fr_FR\" \/>\n<meta property=\"og:type\" content=\"article\" \/>\n<meta property=\"og:title\" content=\"Accueil - Maxime Goulet\" \/>\n<meta property=\"og:description\" content=\"[vc_row row_type=\u00a0\u00bbrow\u00a0\u00bb use_row_as_full_screen_section=\u00a0\u00bbno\u00a0\u00bb type=\u00a0\u00bbfull_width\u00a0\u00bb text_align=\u00a0\u00bbleft\u00a0\u00bb background_animation=\u00a0\u00bbnone\u00a0\u00bb][vc_column][vc_single_image image=\u00a0\u00bb22310&Prime; img_size=\u00a0\u00bbfull\u00a0\u00bb alignment=\u00a0\u00bbcenter\u00a0\u00bb qode_css_animation=\u00a0\u00bb\u00a0\u00bb css=\u00a0\u00bb.vc_custom_1492458852338{padding-top: 25px !important;padding-right: 25px !important;padding-bottom: 0px !important;padding-left: 25px !important;}\u00a0\u00bb][vc_column_text] Photo de Nadia Zheng [\/vc_column_text][vc_empty_space height=\u00a0\u00bb15px\u00a0\u00bb][\/vc_column][\/vc_row][vc_row row_type=\u00a0\u00bbrow\u00a0\u00bb use_row_as_full_screen_section=\u00a0\u00bbno\u00a0\u00bb type=\u00a0\u00bbgrid\u00a0\u00bb text_align=\u00a0\u00bbcenter\u00a0\u00bb background_animation=\u00a0\u00bbnone\u00a0\u00bb padding_top=\u00a0\u00bb0&Prime; padding_bottom=\u00a0\u00bb110&Prime;][vc_column][vc_column_text] Maxime Goulet &#8211; Compositeur [\/vc_column_text][vc_empty_space height=\u00a0\u00bb35px\u00a0\u00bb][vc_column_text css=\u00a0\u00bb.vc_custom_1553957193823{padding-top: 0px !important;padding-right: 0px !important;padding-bottom: 0px !important;padding-left:...\" \/>\n<meta property=\"og:url\" content=\"http:\/\/maximegoulet.com\/fr\/\" \/>\n<meta property=\"og:site_name\" content=\"Maxime Goulet\" \/>\n<meta property=\"article:modified_time\" content=\"2025-03-25T15:06:06+00:00\" \/>\n<meta name=\"twitter:card\" content=\"summary_large_image\" \/>\n<meta name=\"twitter:label1\" content=\"Dur\u00e9e de lecture est.\">\n\t<meta name=\"twitter:data1\" content=\"2 minutes\">\n<script type=\"application\/ld+json\" class=\"yoast-schema-graph\">{\"@context\":\"https:\/\/schema.org\",\"@graph\":[{\"@type\":\"WebSite\",\"@id\":\"https:\/\/maximegoulet.com\/#website\",\"url\":\"https:\/\/maximegoulet.com\/\",\"name\":\"Maxime Goulet\",\"description\":\"Classical Music &amp; Video Game Composer\",\"potentialAction\":[{\"@type\":\"SearchAction\",\"target\":\"https:\/\/maximegoulet.com\/?s={search_term_string}\",\"query-input\":\"required name=search_term_string\"}],\"inLanguage\":\"fr-FR\"},{\"@type\":\"WebPage\",\"@id\":\"http:\/\/maximegoulet.com\/fr\/#webpage\",\"url\":\"http:\/\/maximegoulet.com\/fr\/\",\"name\":\"Accueil - Maxime Goulet\",\"isPartOf\":{\"@id\":\"https:\/\/maximegoulet.com\/#website\"},\"datePublished\":\"2017-04-17T20:09:32+00:00\",\"dateModified\":\"2025-03-25T15:06:06+00:00\",\"inLanguage\":\"fr-FR\",\"potentialAction\":[{\"@type\":\"ReadAction\",\"target\":[\"http:\/\/maximegoulet.com\/fr\/\"]}]}]}<\/script>\n<!-- \/ Yoast SEO plugin. -->","_links":{"self":[{"href":"https:\/\/maximegoulet.com\/fr\/wp-json\/wp\/v2\/pages\/22353"}],"collection":[{"href":"https:\/\/maximegoulet.com\/fr\/wp-json\/wp\/v2\/pages"}],"about":[{"href":"https:\/\/maximegoulet.com\/fr\/wp-json\/wp\/v2\/types\/page"}],"author":[{"embeddable":true,"href":"https:\/\/maximegoulet.com\/fr\/wp-json\/wp\/v2\/users\/1"}],"replies":[{"embeddable":true,"href":"https:\/\/maximegoulet.com\/fr\/wp-json\/wp\/v2\/comments?post=22353"}],"version-history":[{"count":16,"href":"https:\/\/maximegoulet.com\/fr\/wp-json\/wp\/v2\/pages\/22353\/revisions"}],"predecessor-version":[{"id":26473,"href":"https:\/\/maximegoulet.com\/fr\/wp-json\/wp\/v2\/pages\/22353\/revisions\/26473"}],"wp:attachment":[{"href":"https:\/\/maximegoulet.com\/fr\/wp-json\/wp\/v2\/media?parent=22353"}],"curies":[{"name":"wp","href":"https:\/\/api.w.org\/{rel}","templated":true}]}}